{"id":284,"date":"2017-02-07T16:56:30","date_gmt":"2017-02-07T15:56:30","guid":{"rendered":"https:\/\/sealplus.com\/home\/"},"modified":"2023-04-26T16:45:58","modified_gmt":"2023-04-26T14:45:58","slug":"home","status":"publish","type":"page","link":"https:\/\/sealplus.com\/es\/","title":{"rendered":"Home"},"content":{"rendered":"<p>Todas las pel\u00edculas de barrera al ox\u00edgeno SealPlus tienen como objetivo la protecci\u00f3n de tu ensilaje al bloquear la transpiraci\u00f3n del ox\u00edgeno, causa principal del deterioro del producto. Las pel\u00edculas de barrera al ox\u00edgeno ofrecen una mejor conservaci\u00f3n del forraje ensilado con menor desperdicio, garant\u00eda de una calidad superior del producto y por consecuencia un aumento del bienestar y de la productividad de tus animales.<\/p>\n","protected":false},"excerpt":{"rendered":"<p>Todas las pel\u00edculas de barrera al ox\u00edgeno SealPlus tienen como objetivo la protecci\u00f3n de tu ensilaje al bloquear la transpiraci\u00f3n del ox\u00edgeno, causa principal del deterioro del producto. Las pel\u00edculas de barrera al ox\u00edgeno ofrecen una mejor conservaci\u00f3n del forraje ensilado con menor desperdicio, garant\u00eda de una calidad superior del producto y por consecuencia un&#8230;<\/p>\n","protected":false},"author":1,"featured_media":0,"parent":0,"menu_order":0,"comment_status":"closed","ping_status":"closed","template":"","meta":[],"acf":[],"yoast_head":"<!-- This site is optimized with the Yoast SEO plugin v20.11 - https:\/\/yoast.com\/wordpress\/plugins\/seo\/ -->\n<title>SealPlus - Oxygen barrier films that protects your silage<\/title>\n<meta name=\"robots\" content=\"index, follow, max-snippet:-1, max-image-preview:large, max-video-preview:-1\" \/>\n<link rel=\"canonical\" href=\"https:\/\/sealplus.com\/es\/\" \/>\n<meta property=\"og:locale\" content=\"es_ES\" \/>\n<meta property=\"og:type\" content=\"article\" \/>\n<meta property=\"og:title\" content=\"SealPlus - Oxygen barrier films that protects your silage\" \/>\n<meta property=\"og:description\" content=\"Todas las pel\u00edculas de barrera al ox\u00edgeno SealPlus tienen como objetivo la protecci\u00f3n de tu ensilaje al bloquear la transpiraci\u00f3n del ox\u00edgeno, causa principal del deterioro del producto. Las pel\u00edculas de barrera al ox\u00edgeno ofrecen una mejor conservaci\u00f3n del forraje ensilado con menor desperdicio, garant\u00eda de una calidad superior del producto y por consecuencia un...\" \/>\n<meta property=\"og:url\" content=\"https:\/\/sealplus.com\/es\/\" \/>\n<meta property=\"og:site_name\" content=\"SealPlus\" \/>\n<meta property=\"article:publisher\" content=\"https:\/\/www.facebook.com\/SealPlusOxygenBarrierFilm\/\" \/>\n<meta property=\"article:modified_time\" content=\"2023-04-26T14:45:58+00:00\" \/>\n<meta name=\"twitter:card\" content=\"summary_large_image\" \/>\n<meta name=\"twitter:label1\" content=\"Tiempo de lectura\" \/>\n\t<meta name=\"twitter:data1\" content=\"1 minuto\" \/>\n<script type=\"application\/ld+json\" class=\"yoast-schema-graph\">{\"@context\":\"https:\/\/schema.org\",\"@graph\":[{\"@type\":\"WebPage\",\"@id\":\"https:\/\/sealplus.com\/es\/\",\"url\":\"https:\/\/sealplus.com\/es\/\",\"name\":\"SealPlus - Oxygen barrier films that protects your silage\",\"isPartOf\":{\"@id\":\"https:\/\/sealplus.com\/#website\"},\"datePublished\":\"2017-02-07T15:56:30+00:00\",\"dateModified\":\"2023-04-26T14:45:58+00:00\",\"breadcrumb\":{\"@id\":\"https:\/\/sealplus.com\/es\/#breadcrumb\"},\"inLanguage\":\"es\",\"potentialAction\":[{\"@type\":\"ReadAction\",\"target\":[\"https:\/\/sealplus.com\/es\/\"]}]},{\"@type\":\"BreadcrumbList\",\"@id\":\"https:\/\/sealplus.com\/es\/#breadcrumb\",\"itemListElement\":[{\"@type\":\"ListItem\",\"position\":1,\"name\":\"Home\",\"item\":\"https:\/\/sealplus.com\/es\/\"},{\"@type\":\"ListItem\",\"position\":2,\"name\":\"Home\"}]},{\"@type\":\"WebSite\",\"@id\":\"https:\/\/sealplus.com\/#website\",\"url\":\"https:\/\/sealplus.com\/\",\"name\":\"SealPlus\",\"description\":\"Oxygen barrier films that protects your silage\",\"potentialAction\":[{\"@type\":\"SearchAction\",\"target\":{\"@type\":\"EntryPoint\",\"urlTemplate\":\"https:\/\/sealplus.com\/?s={search_term_string}\"},\"query-input\":\"required name=search_term_string\"}],\"inLanguage\":\"es\"}]}<\/script>\n<!-- \/ Yoast SEO plugin. -->","yoast_head_json":{"title":"SealPlus - Oxygen barrier films that protects your silage","robots":{"index":"index","follow":"follow","max-snippet":"max-snippet:-1","max-image-preview":"max-image-preview:large","max-video-preview":"max-video-preview:-1"},"canonical":"https:\/\/sealplus.com\/es\/","og_locale":"es_ES","og_type":"article","og_title":"SealPlus - Oxygen barrier films that protects your silage","og_description":"Todas las pel\u00edculas de barrera al ox\u00edgeno SealPlus tienen como objetivo la protecci\u00f3n de tu ensilaje al bloquear la transpiraci\u00f3n del ox\u00edgeno, causa principal del deterioro del producto. Las pel\u00edculas de barrera al ox\u00edgeno ofrecen una mejor conservaci\u00f3n del forraje ensilado con menor desperdicio, garant\u00eda de una calidad superior del producto y por consecuencia un...","og_url":"https:\/\/sealplus.com\/es\/","og_site_name":"SealPlus","article_publisher":"https:\/\/www.facebook.com\/SealPlusOxygenBarrierFilm\/","article_modified_time":"2023-04-26T14:45:58+00:00","twitter_card":"summary_large_image","twitter_misc":{"Tiempo de lectura":"1 minuto"},"schema":{"@context":"https:\/\/schema.org","@graph":[{"@type":"WebPage","@id":"https:\/\/sealplus.com\/es\/","url":"https:\/\/sealplus.com\/es\/","name":"SealPlus - Oxygen barrier films that protects your silage","isPartOf":{"@id":"https:\/\/sealplus.com\/#website"},"datePublished":"2017-02-07T15:56:30+00:00","dateModified":"2023-04-26T14:45:58+00:00","breadcrumb":{"@id":"https:\/\/sealplus.com\/es\/#breadcrumb"},"inLanguage":"es","potentialAction":[{"@type":"ReadAction","target":["https:\/\/sealplus.com\/es\/"]}]},{"@type":"BreadcrumbList","@id":"https:\/\/sealplus.com\/es\/#breadcrumb","itemListElement":[{"@type":"ListItem","position":1,"name":"Home","item":"https:\/\/sealplus.com\/es\/"},{"@type":"ListItem","position":2,"name":"Home"}]},{"@type":"WebSite","@id":"https:\/\/sealplus.com\/#website","url":"https:\/\/sealplus.com\/","name":"SealPlus","description":"Oxygen barrier films that protects your silage","potentialAction":[{"@type":"SearchAction","target":{"@type":"EntryPoint","urlTemplate":"https:\/\/sealplus.com\/?s={search_term_string}"},"query-input":"required name=search_term_string"}],"inLanguage":"es"}]}},"_links":{"self":[{"href":"https:\/\/sealplus.com\/es\/wp-json\/wp\/v2\/pages\/284"}],"collection":[{"href":"https:\/\/sealplus.com\/es\/wp-json\/wp\/v2\/pages"}],"about":[{"href":"https:\/\/sealplus.com\/es\/wp-json\/wp\/v2\/types\/page"}],"author":[{"embeddable":true,"href":"https:\/\/sealplus.com\/es\/wp-json\/wp\/v2\/users\/1"}],"replies":[{"embeddable":true,"href":"https:\/\/sealplus.com\/es\/wp-json\/wp\/v2\/comments?post=284"}],"version-history":[{"count":3,"href":"https:\/\/sealplus.com\/es\/wp-json\/wp\/v2\/pages\/284\/revisions"}],"predecessor-version":[{"id":1406,"href":"https:\/\/sealplus.com\/es\/wp-json\/wp\/v2\/pages\/284\/revisions\/1406"}],"wp:attachment":[{"href":"https:\/\/sealplus.com\/es\/wp-json\/wp\/v2\/media?parent=284"}],"curies":[{"name":"wp","href":"https:\/\/api.w.org\/{rel}","templated":true}]}}