{"id":354,"date":"2017-02-08T16:24:52","date_gmt":"2017-02-08T15:24:52","guid":{"rendered":"https:\/\/sealplus.com\/prodotti\/"},"modified":"2017-05-31T10:39:40","modified_gmt":"2017-05-31T08:39:40","slug":"prodotti","status":"publish","type":"page","link":"https:\/\/sealplus.com\/es\/prodotti\/","title":{"rendered":"Productos"},"content":{"rendered":"<p>La protecci\u00f3n de tu ensilado se ve reflejada en la capacidad de la pel\u00edcula en adaptarse de la mejor manera a la conformaci\u00f3n del silo. Las pel\u00edculas de barrera al ox\u00edgeno SealPlus son producidas con materiales de alta calidad con un gran rango de medidas, ya sea de largo que de ancho para ofrecerte la m\u00e1xima protecci\u00f3n con el menor desperdicio.<\/p>\n","protected":false},"excerpt":{"rendered":"<p>La protecci\u00f3n de tu ensilado se ve reflejada en la capacidad de la pel\u00edcula en adaptarse de la mejor manera a la conformaci\u00f3n del silo. Las pel\u00edculas de barrera al ox\u00edgeno SealPlus son producidas con materiales de alta calidad con un gran rango de medidas, ya sea de largo que de ancho para ofrecerte la&#8230;<\/p>\n","protected":false},"author":1,"featured_media":0,"parent":0,"menu_order":0,"comment_status":"closed","ping_status":"closed","template":"","meta":[],"acf":[],"yoast_head":"<!-- This site is optimized with the Yoast SEO plugin v20.11 - https:\/\/yoast.com\/wordpress\/plugins\/seo\/ -->\n<title>Productos - SealPlus<\/title>\n<meta name=\"robots\" content=\"index, follow, max-snippet:-1, max-image-preview:large, max-video-preview:-1\" \/>\n<link rel=\"canonical\" href=\"https:\/\/sealplus.com\/es\/prodotti\/\" \/>\n<meta property=\"og:locale\" content=\"es_ES\" \/>\n<meta property=\"og:type\" content=\"article\" \/>\n<meta property=\"og:title\" content=\"Productos - SealPlus\" \/>\n<meta property=\"og:description\" content=\"La protecci\u00f3n de tu ensilado se ve reflejada en la capacidad de la pel\u00edcula en adaptarse de la mejor manera a la conformaci\u00f3n del silo. Las pel\u00edculas de barrera al ox\u00edgeno SealPlus son producidas con materiales de alta calidad con un gran rango de medidas, ya sea de largo que de ancho para ofrecerte la...\" \/>\n<meta property=\"og:url\" content=\"https:\/\/sealplus.com\/es\/prodotti\/\" \/>\n<meta property=\"og:site_name\" content=\"SealPlus\" \/>\n<meta property=\"article:publisher\" content=\"https:\/\/www.facebook.com\/SealPlusOxygenBarrierFilm\/\" \/>\n<meta property=\"article:modified_time\" content=\"2017-05-31T08:39:40+00:00\" \/>\n<meta name=\"twitter:card\" content=\"summary_large_image\" \/>\n<script type=\"application\/ld+json\" class=\"yoast-schema-graph\">{\"@context\":\"https:\/\/schema.org\",\"@graph\":[{\"@type\":\"WebPage\",\"@id\":\"https:\/\/sealplus.com\/es\/prodotti\/\",\"url\":\"https:\/\/sealplus.com\/es\/prodotti\/\",\"name\":\"Productos - SealPlus\",\"isPartOf\":{\"@id\":\"https:\/\/sealplus.com\/#website\"},\"datePublished\":\"2017-02-08T15:24:52+00:00\",\"dateModified\":\"2017-05-31T08:39:40+00:00\",\"breadcrumb\":{\"@id\":\"https:\/\/sealplus.com\/es\/prodotti\/#breadcrumb\"},\"inLanguage\":\"es\",\"potentialAction\":[{\"@type\":\"ReadAction\",\"target\":[\"https:\/\/sealplus.com\/es\/prodotti\/\"]}]},{\"@type\":\"BreadcrumbList\",\"@id\":\"https:\/\/sealplus.com\/es\/prodotti\/#breadcrumb\",\"itemListElement\":[{\"@type\":\"ListItem\",\"position\":1,\"name\":\"Home\",\"item\":\"https:\/\/sealplus.com\/es\/\"},{\"@type\":\"ListItem\",\"position\":2,\"name\":\"Productos\"}]},{\"@type\":\"WebSite\",\"@id\":\"https:\/\/sealplus.com\/#website\",\"url\":\"https:\/\/sealplus.com\/\",\"name\":\"SealPlus\",\"description\":\"Oxygen barrier films that protects your silage\",\"potentialAction\":[{\"@type\":\"SearchAction\",\"target\":{\"@type\":\"EntryPoint\",\"urlTemplate\":\"https:\/\/sealplus.com\/?s={search_term_string}\"},\"query-input\":\"required name=search_term_string\"}],\"inLanguage\":\"es\"}]}<\/script>\n<!-- \/ Yoast SEO plugin. -->","yoast_head_json":{"title":"Productos - SealPlus","robots":{"index":"index","follow":"follow","max-snippet":"max-snippet:-1","max-image-preview":"max-image-preview:large","max-video-preview":"max-video-preview:-1"},"canonical":"https:\/\/sealplus.com\/es\/prodotti\/","og_locale":"es_ES","og_type":"article","og_title":"Productos - SealPlus","og_description":"La protecci\u00f3n de tu ensilado se ve reflejada en la capacidad de la pel\u00edcula en adaptarse de la mejor manera a la conformaci\u00f3n del silo. Las pel\u00edculas de barrera al ox\u00edgeno SealPlus son producidas con materiales de alta calidad con un gran rango de medidas, ya sea de largo que de ancho para ofrecerte la...","og_url":"https:\/\/sealplus.com\/es\/prodotti\/","og_site_name":"SealPlus","article_publisher":"https:\/\/www.facebook.com\/SealPlusOxygenBarrierFilm\/","article_modified_time":"2017-05-31T08:39:40+00:00","twitter_card":"summary_large_image","schema":{"@context":"https:\/\/schema.org","@graph":[{"@type":"WebPage","@id":"https:\/\/sealplus.com\/es\/prodotti\/","url":"https:\/\/sealplus.com\/es\/prodotti\/","name":"Productos - SealPlus","isPartOf":{"@id":"https:\/\/sealplus.com\/#website"},"datePublished":"2017-02-08T15:24:52+00:00","dateModified":"2017-05-31T08:39:40+00:00","breadcrumb":{"@id":"https:\/\/sealplus.com\/es\/prodotti\/#breadcrumb"},"inLanguage":"es","potentialAction":[{"@type":"ReadAction","target":["https:\/\/sealplus.com\/es\/prodotti\/"]}]},{"@type":"BreadcrumbList","@id":"https:\/\/sealplus.com\/es\/prodotti\/#breadcrumb","itemListElement":[{"@type":"ListItem","position":1,"name":"Home","item":"https:\/\/sealplus.com\/es\/"},{"@type":"ListItem","position":2,"name":"Productos"}]},{"@type":"WebSite","@id":"https:\/\/sealplus.com\/#website","url":"https:\/\/sealplus.com\/","name":"SealPlus","description":"Oxygen barrier films that protects your silage","potentialAction":[{"@type":"SearchAction","target":{"@type":"EntryPoint","urlTemplate":"https:\/\/sealplus.com\/?s={search_term_string}"},"query-input":"required name=search_term_string"}],"inLanguage":"es"}]}},"_links":{"self":[{"href":"https:\/\/sealplus.com\/es\/wp-json\/wp\/v2\/pages\/354"}],"collection":[{"href":"https:\/\/sealplus.com\/es\/wp-json\/wp\/v2\/pages"}],"about":[{"href":"https:\/\/sealplus.com\/es\/wp-json\/wp\/v2\/types\/page"}],"author":[{"embeddable":true,"href":"https:\/\/sealplus.com\/es\/wp-json\/wp\/v2\/users\/1"}],"replies":[{"embeddable":true,"href":"https:\/\/sealplus.com\/es\/wp-json\/wp\/v2\/comments?post=354"}],"version-history":[{"count":2,"href":"https:\/\/sealplus.com\/es\/wp-json\/wp\/v2\/pages\/354\/revisions"}],"predecessor-version":[{"id":473,"href":"https:\/\/sealplus.com\/es\/wp-json\/wp\/v2\/pages\/354\/revisions\/473"}],"wp:attachment":[{"href":"https:\/\/sealplus.com\/es\/wp-json\/wp\/v2\/media?parent=354"}],"curies":[{"name":"wp","href":"https:\/\/api.w.org\/{rel}","templated":true}]}}