{"id":663,"date":"2017-02-07T16:56:30","date_gmt":"2017-02-07T15:56:30","guid":{"rendered":"https:\/\/sealplus.com\/home\/"},"modified":"2023-04-26T16:46:15","modified_gmt":"2023-04-26T14:46:15","slug":"home","status":"publish","type":"page","link":"https:\/\/sealplus.com\/fr\/","title":{"rendered":"Acceuil"},"content":{"rendered":"<p>Tous les films SealPlus barri\u00e8re \u00e0 oxyg\u00e8ne ont pour objectif de prot\u00e9ger votre ensilage, bloquer les entr\u00e9es d\u2019oxyg\u00e8ne, principale cause de perte d\u2019ensilage. Les films SealPlus barri\u00e8re \u00e0 oxyg\u00e8ne offrent une meilleure conservation de votre ensilage, des faibles pertes, augmentent la qualit\u00e9 du produit et am\u00e9liorent le bien-\u00eatre des animaux ainsi que leurs performances.<\/p>\n","protected":false},"excerpt":{"rendered":"<p>Tous les films SealPlus barri\u00e8re \u00e0 oxyg\u00e8ne ont pour objectif de prot\u00e9ger votre ensilage, bloquer les entr\u00e9es d\u2019oxyg\u00e8ne, principale cause de perte d\u2019ensilage. Les films SealPlus barri\u00e8re \u00e0 oxyg\u00e8ne offrent une meilleure conservation de votre ensilage, des faibles pertes, augmentent la qualit\u00e9 du produit et am\u00e9liorent le bien-\u00eatre des animaux ainsi que leurs performances.<\/p>\n","protected":false},"author":1,"featured_media":0,"parent":0,"menu_order":0,"comment_status":"closed","ping_status":"closed","template":"","meta":[],"acf":[],"yoast_head":"<!-- This site is optimized with the Yoast SEO plugin v20.11 - https:\/\/yoast.com\/wordpress\/plugins\/seo\/ -->\n<title>SealPlus - Films barri\u00e8re \u00e0 l&#039;oxyg\u00e8ne qui prot\u00e8gent votre ensilage<\/title>\n<meta name=\"description\" content=\"Tutti i film barriera all&#039;ossigeno SealPlus hanno come obiettivo la salvaguardia del tuo insilato bloccando la traspirazione dell\u2019ossigeno.\" \/>\n<meta name=\"robots\" content=\"index, follow, max-snippet:-1, max-image-preview:large, max-video-preview:-1\" \/>\n<link rel=\"canonical\" href=\"https:\/\/sealplus.com\/fr\/\" \/>\n<meta property=\"og:locale\" content=\"fr_FR\" \/>\n<meta property=\"og:type\" content=\"article\" \/>\n<meta property=\"og:title\" content=\"SealPlus - Films barri\u00e8re \u00e0 l&#039;oxyg\u00e8ne qui prot\u00e8gent votre ensilage\" \/>\n<meta property=\"og:description\" content=\"Tutti i film barriera all&#039;ossigeno SealPlus hanno come obiettivo la salvaguardia del tuo insilato bloccando la traspirazione dell\u2019ossigeno.\" \/>\n<meta property=\"og:url\" content=\"https:\/\/sealplus.com\/fr\/\" \/>\n<meta property=\"og:site_name\" content=\"SealPlus\" \/>\n<meta property=\"article:publisher\" content=\"https:\/\/www.facebook.com\/SealPlusOxygenBarrierFilm\/\" \/>\n<meta property=\"article:modified_time\" content=\"2023-04-26T14:46:15+00:00\" \/>\n<meta name=\"twitter:card\" content=\"summary_large_image\" \/>\n<meta name=\"twitter:label1\" content=\"Dur\u00e9e de lecture estim\u00e9e\" \/>\n\t<meta name=\"twitter:data1\" content=\"1 minute\" \/>\n<script type=\"application\/ld+json\" class=\"yoast-schema-graph\">{\"@context\":\"https:\/\/schema.org\",\"@graph\":[{\"@type\":\"WebPage\",\"@id\":\"https:\/\/sealplus.com\/fr\/\",\"url\":\"https:\/\/sealplus.com\/fr\/\",\"name\":\"SealPlus - Films barri\u00e8re \u00e0 l'oxyg\u00e8ne qui prot\u00e8gent votre ensilage\",\"isPartOf\":{\"@id\":\"https:\/\/sealplus.com\/#website\"},\"datePublished\":\"2017-02-07T15:56:30+00:00\",\"dateModified\":\"2023-04-26T14:46:15+00:00\",\"description\":\"Tutti i film barriera all'ossigeno SealPlus hanno come obiettivo la salvaguardia del tuo insilato bloccando la traspirazione dell\u2019ossigeno.\",\"breadcrumb\":{\"@id\":\"https:\/\/sealplus.com\/fr\/#breadcrumb\"},\"inLanguage\":\"fr-FR\",\"potentialAction\":[{\"@type\":\"ReadAction\",\"target\":[\"https:\/\/sealplus.com\/fr\/\"]}]},{\"@type\":\"BreadcrumbList\",\"@id\":\"https:\/\/sealplus.com\/fr\/#breadcrumb\",\"itemListElement\":[{\"@type\":\"ListItem\",\"position\":1,\"name\":\"Home\",\"item\":\"https:\/\/sealplus.com\/fr\/\"},{\"@type\":\"ListItem\",\"position\":2,\"name\":\"Acceuil\"}]},{\"@type\":\"WebSite\",\"@id\":\"https:\/\/sealplus.com\/#website\",\"url\":\"https:\/\/sealplus.com\/\",\"name\":\"SealPlus\",\"description\":\"Films barri\u00e8re \u00e0 l'oxyg\u00e8ne qui prot\u00e8gent votre ensilage\",\"potentialAction\":[{\"@type\":\"SearchAction\",\"target\":{\"@type\":\"EntryPoint\",\"urlTemplate\":\"https:\/\/sealplus.com\/?s={search_term_string}\"},\"query-input\":\"required name=search_term_string\"}],\"inLanguage\":\"fr-FR\"}]}<\/script>\n<!-- \/ Yoast SEO plugin. -->","yoast_head_json":{"title":"SealPlus - Films barri\u00e8re \u00e0 l'oxyg\u00e8ne qui prot\u00e8gent votre ensilage","description":"Tutti i film barriera all'ossigeno SealPlus hanno come obiettivo la salvaguardia del tuo insilato bloccando la traspirazione dell\u2019ossigeno.","robots":{"index":"index","follow":"follow","max-snippet":"max-snippet:-1","max-image-preview":"max-image-preview:large","max-video-preview":"max-video-preview:-1"},"canonical":"https:\/\/sealplus.com\/fr\/","og_locale":"fr_FR","og_type":"article","og_title":"SealPlus - Films barri\u00e8re \u00e0 l'oxyg\u00e8ne qui prot\u00e8gent votre ensilage","og_description":"Tutti i film barriera all'ossigeno SealPlus hanno come obiettivo la salvaguardia del tuo insilato bloccando la traspirazione dell\u2019ossigeno.","og_url":"https:\/\/sealplus.com\/fr\/","og_site_name":"SealPlus","article_publisher":"https:\/\/www.facebook.com\/SealPlusOxygenBarrierFilm\/","article_modified_time":"2023-04-26T14:46:15+00:00","twitter_card":"summary_large_image","twitter_misc":{"Dur\u00e9e de lecture estim\u00e9e":"1 minute"},"schema":{"@context":"https:\/\/schema.org","@graph":[{"@type":"WebPage","@id":"https:\/\/sealplus.com\/fr\/","url":"https:\/\/sealplus.com\/fr\/","name":"SealPlus - Films barri\u00e8re \u00e0 l'oxyg\u00e8ne qui prot\u00e8gent votre ensilage","isPartOf":{"@id":"https:\/\/sealplus.com\/#website"},"datePublished":"2017-02-07T15:56:30+00:00","dateModified":"2023-04-26T14:46:15+00:00","description":"Tutti i film barriera all'ossigeno SealPlus hanno come obiettivo la salvaguardia del tuo insilato bloccando la traspirazione dell\u2019ossigeno.","breadcrumb":{"@id":"https:\/\/sealplus.com\/fr\/#breadcrumb"},"inLanguage":"fr-FR","potentialAction":[{"@type":"ReadAction","target":["https:\/\/sealplus.com\/fr\/"]}]},{"@type":"BreadcrumbList","@id":"https:\/\/sealplus.com\/fr\/#breadcrumb","itemListElement":[{"@type":"ListItem","position":1,"name":"Home","item":"https:\/\/sealplus.com\/fr\/"},{"@type":"ListItem","position":2,"name":"Acceuil"}]},{"@type":"WebSite","@id":"https:\/\/sealplus.com\/#website","url":"https:\/\/sealplus.com\/","name":"SealPlus","description":"Films barri\u00e8re \u00e0 l'oxyg\u00e8ne qui prot\u00e8gent votre ensilage","potentialAction":[{"@type":"SearchAction","target":{"@type":"EntryPoint","urlTemplate":"https:\/\/sealplus.com\/?s={search_term_string}"},"query-input":"required name=search_term_string"}],"inLanguage":"fr-FR"}]}},"_links":{"self":[{"href":"https:\/\/sealplus.com\/fr\/wp-json\/wp\/v2\/pages\/663"}],"collection":[{"href":"https:\/\/sealplus.com\/fr\/wp-json\/wp\/v2\/pages"}],"about":[{"href":"https:\/\/sealplus.com\/fr\/wp-json\/wp\/v2\/types\/page"}],"author":[{"embeddable":true,"href":"https:\/\/sealplus.com\/fr\/wp-json\/wp\/v2\/users\/1"}],"replies":[{"embeddable":true,"href":"https:\/\/sealplus.com\/fr\/wp-json\/wp\/v2\/comments?post=663"}],"version-history":[{"count":6,"href":"https:\/\/sealplus.com\/fr\/wp-json\/wp\/v2\/pages\/663\/revisions"}],"predecessor-version":[{"id":1407,"href":"https:\/\/sealplus.com\/fr\/wp-json\/wp\/v2\/pages\/663\/revisions\/1407"}],"wp:attachment":[{"href":"https:\/\/sealplus.com\/fr\/wp-json\/wp\/v2\/media?parent=663"}],"curies":[{"name":"wp","href":"https:\/\/api.w.org\/{rel}","templated":true}]}}