{"id":665,"date":"2017-02-08T16:24:52","date_gmt":"2017-02-08T15:24:52","guid":{"rendered":"https:\/\/sealplus.com\/prodotti\/"},"modified":"2017-11-15T11:14:39","modified_gmt":"2017-11-15T10:14:39","slug":"prodotti","status":"publish","type":"page","link":"https:\/\/sealplus.com\/fr\/prodotti\/","title":{"rendered":"Produits"},"content":{"rendered":"<p>Les films SealPlus oxyg\u00e8ne barri\u00e8re peuvent s\u2019adapter \u00e0 n\u2019importe quel silo pour une protection parfaite de votre ensilage. Les films SealPlus oxyg\u00e8ne barri\u00e8re sont compos\u00e9s d\u2019une gamme de mat\u00e9riaux de haute qualit\u00e9 dans un large choix de longueur et de largeur pour vous offrir un maximum de protection de votre ensilage et une r\u00e9duction des pertes.<\/p>\n","protected":false},"excerpt":{"rendered":"<p>Les films SealPlus oxyg\u00e8ne barri\u00e8re peuvent s\u2019adapter \u00e0 n\u2019importe quel silo pour une protection parfaite de votre ensilage. Les films SealPlus oxyg\u00e8ne barri\u00e8re sont compos\u00e9s d\u2019une gamme de mat\u00e9riaux de haute qualit\u00e9 dans un large choix de longueur et de largeur pour vous offrir un maximum de protection de votre ensilage et une r\u00e9duction des&#8230;<\/p>\n","protected":false},"author":1,"featured_media":0,"parent":0,"menu_order":0,"comment_status":"closed","ping_status":"closed","template":"","meta":[],"acf":[],"yoast_head":"<!-- This site is optimized with the Yoast SEO plugin v20.11 - https:\/\/yoast.com\/wordpress\/plugins\/seo\/ -->\n<title>Produits - SealPlus<\/title>\n<meta name=\"robots\" content=\"index, follow, max-snippet:-1, max-image-preview:large, max-video-preview:-1\" \/>\n<link rel=\"canonical\" href=\"https:\/\/sealplus.com\/fr\/prodotti\/\" \/>\n<meta property=\"og:locale\" content=\"fr_FR\" \/>\n<meta property=\"og:type\" content=\"article\" \/>\n<meta property=\"og:title\" content=\"Produits - SealPlus\" \/>\n<meta property=\"og:description\" content=\"Les films SealPlus oxyg\u00e8ne barri\u00e8re peuvent s\u2019adapter \u00e0 n\u2019importe quel silo pour une protection parfaite de votre ensilage. Les films SealPlus oxyg\u00e8ne barri\u00e8re sont compos\u00e9s d\u2019une gamme de mat\u00e9riaux de haute qualit\u00e9 dans un large choix de longueur et de largeur pour vous offrir un maximum de protection de votre ensilage et une r\u00e9duction des...\" \/>\n<meta property=\"og:url\" content=\"https:\/\/sealplus.com\/fr\/prodotti\/\" \/>\n<meta property=\"og:site_name\" content=\"SealPlus\" \/>\n<meta property=\"article:publisher\" content=\"https:\/\/www.facebook.com\/SealPlusOxygenBarrierFilm\/\" \/>\n<meta property=\"article:modified_time\" content=\"2017-11-15T10:14:39+00:00\" \/>\n<meta name=\"twitter:card\" content=\"summary_large_image\" \/>\n<script type=\"application\/ld+json\" class=\"yoast-schema-graph\">{\"@context\":\"https:\/\/schema.org\",\"@graph\":[{\"@type\":\"WebPage\",\"@id\":\"https:\/\/sealplus.com\/fr\/prodotti\/\",\"url\":\"https:\/\/sealplus.com\/fr\/prodotti\/\",\"name\":\"Produits - SealPlus\",\"isPartOf\":{\"@id\":\"https:\/\/sealplus.com\/#website\"},\"datePublished\":\"2017-02-08T15:24:52+00:00\",\"dateModified\":\"2017-11-15T10:14:39+00:00\",\"breadcrumb\":{\"@id\":\"https:\/\/sealplus.com\/fr\/prodotti\/#breadcrumb\"},\"inLanguage\":\"fr-FR\",\"potentialAction\":[{\"@type\":\"ReadAction\",\"target\":[\"https:\/\/sealplus.com\/fr\/prodotti\/\"]}]},{\"@type\":\"BreadcrumbList\",\"@id\":\"https:\/\/sealplus.com\/fr\/prodotti\/#breadcrumb\",\"itemListElement\":[{\"@type\":\"ListItem\",\"position\":1,\"name\":\"Home\",\"item\":\"https:\/\/sealplus.com\/fr\/\"},{\"@type\":\"ListItem\",\"position\":2,\"name\":\"Produits\"}]},{\"@type\":\"WebSite\",\"@id\":\"https:\/\/sealplus.com\/#website\",\"url\":\"https:\/\/sealplus.com\/\",\"name\":\"SealPlus\",\"description\":\"Films barri\u00e8re \u00e0 l'oxyg\u00e8ne qui prot\u00e8gent votre ensilage\",\"potentialAction\":[{\"@type\":\"SearchAction\",\"target\":{\"@type\":\"EntryPoint\",\"urlTemplate\":\"https:\/\/sealplus.com\/?s={search_term_string}\"},\"query-input\":\"required name=search_term_string\"}],\"inLanguage\":\"fr-FR\"}]}<\/script>\n<!-- \/ Yoast SEO plugin. -->","yoast_head_json":{"title":"Produits - SealPlus","robots":{"index":"index","follow":"follow","max-snippet":"max-snippet:-1","max-image-preview":"max-image-preview:large","max-video-preview":"max-video-preview:-1"},"canonical":"https:\/\/sealplus.com\/fr\/prodotti\/","og_locale":"fr_FR","og_type":"article","og_title":"Produits - SealPlus","og_description":"Les films SealPlus oxyg\u00e8ne barri\u00e8re peuvent s\u2019adapter \u00e0 n\u2019importe quel silo pour une protection parfaite de votre ensilage. Les films SealPlus oxyg\u00e8ne barri\u00e8re sont compos\u00e9s d\u2019une gamme de mat\u00e9riaux de haute qualit\u00e9 dans un large choix de longueur et de largeur pour vous offrir un maximum de protection de votre ensilage et une r\u00e9duction des...","og_url":"https:\/\/sealplus.com\/fr\/prodotti\/","og_site_name":"SealPlus","article_publisher":"https:\/\/www.facebook.com\/SealPlusOxygenBarrierFilm\/","article_modified_time":"2017-11-15T10:14:39+00:00","twitter_card":"summary_large_image","schema":{"@context":"https:\/\/schema.org","@graph":[{"@type":"WebPage","@id":"https:\/\/sealplus.com\/fr\/prodotti\/","url":"https:\/\/sealplus.com\/fr\/prodotti\/","name":"Produits - SealPlus","isPartOf":{"@id":"https:\/\/sealplus.com\/#website"},"datePublished":"2017-02-08T15:24:52+00:00","dateModified":"2017-11-15T10:14:39+00:00","breadcrumb":{"@id":"https:\/\/sealplus.com\/fr\/prodotti\/#breadcrumb"},"inLanguage":"fr-FR","potentialAction":[{"@type":"ReadAction","target":["https:\/\/sealplus.com\/fr\/prodotti\/"]}]},{"@type":"BreadcrumbList","@id":"https:\/\/sealplus.com\/fr\/prodotti\/#breadcrumb","itemListElement":[{"@type":"ListItem","position":1,"name":"Home","item":"https:\/\/sealplus.com\/fr\/"},{"@type":"ListItem","position":2,"name":"Produits"}]},{"@type":"WebSite","@id":"https:\/\/sealplus.com\/#website","url":"https:\/\/sealplus.com\/","name":"SealPlus","description":"Films barri\u00e8re \u00e0 l'oxyg\u00e8ne qui prot\u00e8gent votre ensilage","potentialAction":[{"@type":"SearchAction","target":{"@type":"EntryPoint","urlTemplate":"https:\/\/sealplus.com\/?s={search_term_string}"},"query-input":"required name=search_term_string"}],"inLanguage":"fr-FR"}]}},"_links":{"self":[{"href":"https:\/\/sealplus.com\/fr\/wp-json\/wp\/v2\/pages\/665"}],"collection":[{"href":"https:\/\/sealplus.com\/fr\/wp-json\/wp\/v2\/pages"}],"about":[{"href":"https:\/\/sealplus.com\/fr\/wp-json\/wp\/v2\/types\/page"}],"author":[{"embeddable":true,"href":"https:\/\/sealplus.com\/fr\/wp-json\/wp\/v2\/users\/1"}],"replies":[{"embeddable":true,"href":"https:\/\/sealplus.com\/fr\/wp-json\/wp\/v2\/comments?post=665"}],"version-history":[{"count":1,"href":"https:\/\/sealplus.com\/fr\/wp-json\/wp\/v2\/pages\/665\/revisions"}],"predecessor-version":[{"id":712,"href":"https:\/\/sealplus.com\/fr\/wp-json\/wp\/v2\/pages\/665\/revisions\/712"}],"wp:attachment":[{"href":"https:\/\/sealplus.com\/fr\/wp-json\/wp\/v2\/media?parent=665"}],"curies":[{"name":"wp","href":"https:\/\/api.w.org\/{rel}","templated":true}]}}