{"id":854,"date":"2018-10-10T10:58:48","date_gmt":"2018-10-10T08:58:48","guid":{"rendered":"https:\/\/sealplus.com\/eventi\/"},"modified":"2020-01-22T18:06:46","modified_gmt":"2020-01-22T17:06:46","slug":"eventi","status":"publish","type":"page","link":"https:\/\/sealplus.com\/fr\/eventi\/","title":{"rendered":"Eventi"},"content":{"rendered":"<p>Tutte le fiere e gli eventi dove SealPlus partecipa.<\/p>\n","protected":false},"excerpt":{"rendered":"<p>Tutte le fiere e gli eventi dove SealPlus partecipa.<\/p>\n","protected":false},"author":1,"featured_media":0,"parent":0,"menu_order":0,"comment_status":"closed","ping_status":"closed","template":"","meta":[],"acf":[],"yoast_head":"<!-- This site is optimized with the Yoast SEO plugin v20.11 - https:\/\/yoast.com\/wordpress\/plugins\/seo\/ -->\n<title>Eventi - SealPlus<\/title>\n<meta name=\"description\" content=\"Tutte le fiere e gli eventi dove SealPlus partecipa.\" \/>\n<meta name=\"robots\" content=\"index, follow, max-snippet:-1, max-image-preview:large, max-video-preview:-1\" \/>\n<link rel=\"canonical\" href=\"https:\/\/sealplus.com\/fr\/eventi\/\" \/>\n<meta property=\"og:locale\" content=\"fr_FR\" \/>\n<meta property=\"og:type\" content=\"article\" \/>\n<meta property=\"og:title\" content=\"Eventi - SealPlus\" \/>\n<meta property=\"og:description\" content=\"Tutte le fiere e gli eventi dove SealPlus partecipa.\" \/>\n<meta property=\"og:url\" content=\"https:\/\/sealplus.com\/fr\/eventi\/\" \/>\n<meta property=\"og:site_name\" content=\"SealPlus\" \/>\n<meta property=\"article:publisher\" content=\"https:\/\/www.facebook.com\/SealPlusOxygenBarrierFilm\/\" \/>\n<meta property=\"article:modified_time\" content=\"2020-01-22T17:06:46+00:00\" \/>\n<meta name=\"twitter:card\" content=\"summary_large_image\" \/>\n<script type=\"application\/ld+json\" class=\"yoast-schema-graph\">{\"@context\":\"https:\/\/schema.org\",\"@graph\":[{\"@type\":\"WebPage\",\"@id\":\"https:\/\/sealplus.com\/fr\/eventi\/\",\"url\":\"https:\/\/sealplus.com\/fr\/eventi\/\",\"name\":\"Eventi - SealPlus\",\"isPartOf\":{\"@id\":\"https:\/\/sealplus.com\/#website\"},\"datePublished\":\"2018-10-10T08:58:48+00:00\",\"dateModified\":\"2020-01-22T17:06:46+00:00\",\"description\":\"Tutte le fiere e gli eventi dove SealPlus partecipa.\",\"breadcrumb\":{\"@id\":\"https:\/\/sealplus.com\/fr\/eventi\/#breadcrumb\"},\"inLanguage\":\"fr-FR\",\"potentialAction\":[{\"@type\":\"ReadAction\",\"target\":[\"https:\/\/sealplus.com\/fr\/eventi\/\"]}]},{\"@type\":\"BreadcrumbList\",\"@id\":\"https:\/\/sealplus.com\/fr\/eventi\/#breadcrumb\",\"itemListElement\":[{\"@type\":\"ListItem\",\"position\":1,\"name\":\"Home\",\"item\":\"https:\/\/sealplus.com\/fr\/\"},{\"@type\":\"ListItem\",\"position\":2,\"name\":\"Eventi\"}]},{\"@type\":\"WebSite\",\"@id\":\"https:\/\/sealplus.com\/#website\",\"url\":\"https:\/\/sealplus.com\/\",\"name\":\"SealPlus\",\"description\":\"Films barri\u00e8re \u00e0 l'oxyg\u00e8ne qui prot\u00e8gent votre ensilage\",\"potentialAction\":[{\"@type\":\"SearchAction\",\"target\":{\"@type\":\"EntryPoint\",\"urlTemplate\":\"https:\/\/sealplus.com\/?s={search_term_string}\"},\"query-input\":\"required name=search_term_string\"}],\"inLanguage\":\"fr-FR\"}]}<\/script>\n<!-- \/ Yoast SEO plugin. -->","yoast_head_json":{"title":"Eventi - SealPlus","description":"Tutte le fiere e gli eventi dove SealPlus partecipa.","robots":{"index":"index","follow":"follow","max-snippet":"max-snippet:-1","max-image-preview":"max-image-preview:large","max-video-preview":"max-video-preview:-1"},"canonical":"https:\/\/sealplus.com\/fr\/eventi\/","og_locale":"fr_FR","og_type":"article","og_title":"Eventi - SealPlus","og_description":"Tutte le fiere e gli eventi dove SealPlus partecipa.","og_url":"https:\/\/sealplus.com\/fr\/eventi\/","og_site_name":"SealPlus","article_publisher":"https:\/\/www.facebook.com\/SealPlusOxygenBarrierFilm\/","article_modified_time":"2020-01-22T17:06:46+00:00","twitter_card":"summary_large_image","schema":{"@context":"https:\/\/schema.org","@graph":[{"@type":"WebPage","@id":"https:\/\/sealplus.com\/fr\/eventi\/","url":"https:\/\/sealplus.com\/fr\/eventi\/","name":"Eventi - SealPlus","isPartOf":{"@id":"https:\/\/sealplus.com\/#website"},"datePublished":"2018-10-10T08:58:48+00:00","dateModified":"2020-01-22T17:06:46+00:00","description":"Tutte le fiere e gli eventi dove SealPlus partecipa.","breadcrumb":{"@id":"https:\/\/sealplus.com\/fr\/eventi\/#breadcrumb"},"inLanguage":"fr-FR","potentialAction":[{"@type":"ReadAction","target":["https:\/\/sealplus.com\/fr\/eventi\/"]}]},{"@type":"BreadcrumbList","@id":"https:\/\/sealplus.com\/fr\/eventi\/#breadcrumb","itemListElement":[{"@type":"ListItem","position":1,"name":"Home","item":"https:\/\/sealplus.com\/fr\/"},{"@type":"ListItem","position":2,"name":"Eventi"}]},{"@type":"WebSite","@id":"https:\/\/sealplus.com\/#website","url":"https:\/\/sealplus.com\/","name":"SealPlus","description":"Films barri\u00e8re \u00e0 l'oxyg\u00e8ne qui prot\u00e8gent votre ensilage","potentialAction":[{"@type":"SearchAction","target":{"@type":"EntryPoint","urlTemplate":"https:\/\/sealplus.com\/?s={search_term_string}"},"query-input":"required name=search_term_string"}],"inLanguage":"fr-FR"}]}},"_links":{"self":[{"href":"https:\/\/sealplus.com\/fr\/wp-json\/wp\/v2\/pages\/854"}],"collection":[{"href":"https:\/\/sealplus.com\/fr\/wp-json\/wp\/v2\/pages"}],"about":[{"href":"https:\/\/sealplus.com\/fr\/wp-json\/wp\/v2\/types\/page"}],"author":[{"embeddable":true,"href":"https:\/\/sealplus.com\/fr\/wp-json\/wp\/v2\/users\/1"}],"replies":[{"embeddable":true,"href":"https:\/\/sealplus.com\/fr\/wp-json\/wp\/v2\/comments?post=854"}],"version-history":[{"count":41,"href":"https:\/\/sealplus.com\/fr\/wp-json\/wp\/v2\/pages\/854\/revisions"}],"predecessor-version":[{"id":1358,"href":"https:\/\/sealplus.com\/fr\/wp-json\/wp\/v2\/pages\/854\/revisions\/1358"}],"wp:attachment":[{"href":"https:\/\/sealplus.com\/fr\/wp-json\/wp\/v2\/media?parent=854"}],"curies":[{"name":"wp","href":"https:\/\/api.w.org\/{rel}","templated":true}]}}